{"id":6184,"date":"2021-08-27T10:42:19","date_gmt":"2021-08-27T08:42:19","guid":{"rendered":"https:\/\/proetcon.de\/?page_id=6184"},"modified":"2026-01-22T14:00:12","modified_gmt":"2026-01-22T13:00:12","slug":"cookie-policy","status":"publish","type":"page","link":"https:\/\/proetcon.de\/index.php\/en\/cookie-policy\/","title":{"rendered":"Cookie Policy (EU)"},"content":{"rendered":"\n<!-- Legal document generated by Complianz | GDPR\/CCPA Cookie Consent https:\/\/wordpress.org\/plugins\/complianz-gdpr -->\n<div id=\"cmplz-document\" class=\"cmplz-document cookie-statement cmplz-document-eu\"><p><i>Diese Cookie-Richt\u00adli\u00adnie wurde zuletzt am 23. Januar 2026 aktua\u00adli\u00adsiert und gilt f\u00fcr B\u00fcrger und Perso\u00adnen mit st\u00e4ndi\u00adgem Wohnsitz im Europ\u00e4i\u00adschen Wirtschafts\u00adraum und der Schweiz.<\/i><br><\/p><h2>1. Einf\u00fch\u00adrung<\/h2><p>Unsere Website <a href=\"https:\/\/proetcon.de\">https:\/\/proetcon.de<\/a> (nachfol\u00adgend als \u201eWebsite\u201c bezeich\u00adnet) verwen\u00addet Cookies und \u00e4hnli\u00adche Techno\u00adlo\u00adgien (der Einfach\u00adheit halber werden alle diese unter dem Begriff \u201eCookies\u201c zusam\u00admen\u00adge\u00adfasst). Cookies werden au\u00dfer\u00addem von uns beauf\u00adtrag\u00adten Dritt\u00adpar\u00adteien platziert. In dem unten stehen\u00addem Dokument infor\u00admie\u00adren wir Sie \u00fcber die Verwen\u00addung von Cookies auf unserer Website.<\/p><h2>2. Was sind Cookies?<\/h2><p>Ein Cookie ist eine kleine einfa\u00adche Datei, die zusam\u00admen mit Seiten dieser Website gesen\u00addet und von Ihrem Browser auf der Festplatte Ihres Compu\u00adters oder eines anderen Ger\u00e4ts gespei\u00adchert wird. Die darin gespei\u00adcher\u00adten Infor\u00adma\u00adtio\u00adnen k\u00f6nnen bei einem sp\u00e4te\u00adren Besuch an unsere Server oder an die Server der betref\u00adfen\u00adden Dritten zur\u00fcck\u00adge\u00adge\u00adben werden.<\/p><h2>3. Was sind Skripte?<\/h2><p>Ein Skript ist ein Programm\u00adcode, mit dem unsere Website ordnungs\u00adge\u00adm\u00e4\u00df und inter\u00adak\u00adtiv funktio\u00adniert. Dieser Code wird auf unserem Server oder auf Ihrem Ger\u00e4t ausgef\u00fchrt.<\/p><h2>4. Was ist ein Web-Beacon?<\/h2><p>Ein Web-Beacon (oder ein Pixel-Tag) ist ein kleines, unsicht\u00adba\u00adres Text- oder Bildst\u00fcck auf einer Website, das zum \u00dcberwa\u00adchen des Daten\u00adver\u00adkehrs auf einer Website verwen\u00addet wird. Um dies zu tun, werden verschie\u00addene Daten \u00fcber Sie mit Web-Beacons gespeichert.<\/p><h2>5. Cookies<\/h2><p class=\"cmplz-subtitle\">5.1 Techni\u00adsche oder funktio\u00adnale Cookies<\/p><p>Einige Cookies stellen sicher, dass bestimmte Teile der Website ordnungs\u00adge\u00adm\u00e4\u00df funktio\u00adnie\u00adren und Ihre Benut\u00adzer\u00adein\u00adstel\u00adlun\u00adgen weiter\u00adhin in Erinne\u00adrung bleiben. Durch das Setzen funktio\u00adna\u00adler Cookies erleich\u00adtern wir Ihnen den Besuch unserer Website. Auf diese Weise m\u00fcssen Sie beim Besuch unserer Website nicht wieder\u00adholt diesel\u00adben Infor\u00adma\u00adtio\u00adnen einge\u00adben, so bleiben Artikel beispiels\u00adweise in Ihrem Waren\u00adkorb, bis Sie bezahlt haben. Wir k\u00f6nnen diese Cookies ohne Ihre Einwil\u00adli\u00adgung platzieren.<\/p><p class=\"cmplz-subtitle\">5.2 Statis\u00adtik-Cookies<\/p><p>Wir verwen\u00adden Statis\u00adtik-Cookies, um die Website-Erfah\u00adrung f\u00fcr unsere Benut\u00adzer zu optimie\u00adren. Mit diesen Statis\u00adtik-Cookies erhal\u00adten wir Einbli\u00adcke in die Nutzung unserer Website.&nbsp;Wir bitten Sie um Ihre Erlaub\u00adnis, Cookies f\u00fcr statis\u00adti\u00adsche Zwecke zu setzen.<\/p><p class=\"cmplz-subtitle\">5.3 Marke\u00adting- \/ Tracking-Cookies<\/p><p>Marke\u00adting- \/ Track\u00ading-Cookies sind Cookies oder eine andere Form der lokalen Speiche\u00adrung, die zur Erstel\u00adlung von Benut\u00adzer\u00adpro\u00adfi\u00adlen verwen\u00addet werden, um Werbung anzuzei\u00adgen oder den Benut\u00adzer auf dieser Website oder \u00fcber mehrere Websites hinweg f\u00fcr \u00e4hnli\u00adche Marke\u00adting\u00adzwe\u00adcke zu verfolgen.<\/p><h2>6. Platzierte Cookies<\/h2><div id=\"cmplz-cookies-overview\"><details class=\"cmplz-dropdown cmplz-service-desc cmplz-dropdown-cookiepolicy \">\n\t<summary class=\"cmplz-service-header\"><div>\n\t\t<h3>Matomo<\/h3>\n\t\t<p>Funktio\u00adnal<\/p>\n\t\t<label for=\"cmplz_service_matomo\" class=\"cmplz_consent_per_service_label\"><span class=\"screen-reader-text\">Consent to service matomo<\/span><\/label>\n\t\t<input type=\"checkbox\" id=\"cmplz_service_matomo\" class=\"cmplz-accept-service cmplz-hidden\" data-service=\"matomo\" data-category=\"functional\"><\/div>\n\t<\/summary>\n\t<div class=\"cmplz-service-description\">\n\t\t<h4>Verwen\u00addung<\/h4>\n\t\t<p>Wir verwen\u00adden den Matomo-Service f\u00fcr die Website-Statistik.<\/p>\n\t<\/div>\n\t<div class=\"cmplz-sharing-data\">\n\t\t<h4>Gemein\u00adsame Nutzung von&nbsp;Daten<\/h4>\n\t\t<p>Diese Daten werden nicht an Dritte weitergegeben.<\/p>\n\t<\/div>\n\t<div class=\"cookies-per-purpose\">\n    <div class=\"purpose\"><h4>Funktio\u00adnal<\/h4><\/div>\n    <div class=\"name-header\">\n\t<h5>Name<\/h5>\n<\/div>\n<div class=\"name\">MATOMO_SESSID<\/div>\n<div class=\"retention-header\">\n\t<h5>G\u00fcltig bis<\/h5>\n<\/div>\n<div class=\"retention\">Sitzung<\/div>\n<div class=\"function-header\">\n\t<h5>Funktion<\/h5>\n<\/div>\n<div class=\"function\">Beuge Betrug vor<\/div>\n\n<\/div>\n<\/details>\n<details class=\"cmplz-dropdown cmplz-service-desc cmplz-dropdown-cookiepolicy \">\n\t<summary class=\"cmplz-service-header\"><div>\n\t\t<h3>Verschie\u00adde\u00adnes<\/h3>\n\t\t<p>Cookies die noch unter\u00adsucht werden<\/p>\n\t\t<label for=\"cmplz_service_verschiedenes\" class=\"cmplz_consent_per_service_label\"><span class=\"screen-reader-text\">Consent to service verschiedenes<\/span><\/label>\n\t\t<input type=\"checkbox\" id=\"cmplz_service_verschiedenes\" class=\"cmplz-accept-service cmplz-hidden\" data-service=\"verschiedenes\" data-category=\"functional\"><\/div>\n\t<\/summary>\n\t<div class=\"cmplz-service-description\">\n\t\t<h4>Verwen\u00addung<\/h4>\n\t\t<p><\/p>\n\t<\/div>\n\t<div class=\"cmplz-sharing-data\">\n\t\t<h4>Gemein\u00adsame Nutzung von&nbsp;Daten<\/h4>\n\t\t<p>Die gemein\u00adsame Nutzung von Daten ist Gegen\u00adstand einer Untersuchung<\/p>\n\t<\/div>\n\t<div class=\"cookies-per-purpose\">\n    <div class=\"purpose\"><h4>Cookies die noch unter\u00adsucht werden<\/h4><\/div>\n    <div class=\"name-header\">\n\t<h5>Name<\/h5>\n<\/div>\n<div class=\"name\">elemen\u00adtor<\/div>\n<div class=\"retention-header\">\n\t<h5>G\u00fcltig bis<\/h5>\n<\/div>\n<div class=\"retention\"><\/div>\n<div class=\"function-header\">\n\t<h5>Funktion<\/h5>\n<\/div>\n<div class=\"function\"><\/div>\n<div class=\"name-header\">\n\t<h5>Name<\/h5>\n<\/div>\n<div class=\"name\">e_globals<\/div>\n<div class=\"retention-header\">\n\t<h5>G\u00fcltig bis<\/h5>\n<\/div>\n<div class=\"retention\"><\/div>\n<div class=\"function-header\">\n\t<h5>Funktion<\/h5>\n<\/div>\n<div class=\"function\"><\/div>\n<div class=\"name-header\">\n\t<h5>Name<\/h5>\n<\/div>\n<div class=\"name\">wordpress_test_cookie<\/div>\n<div class=\"retention-header\">\n\t<h5>G\u00fcltig bis<\/h5>\n<\/div>\n<div class=\"retention\"><\/div>\n<div class=\"function-header\">\n\t<h5>Funktion<\/h5>\n<\/div>\n<div class=\"function\"><\/div>\n<div class=\"name-header\">\n\t<h5>Name<\/h5>\n<\/div>\n<div class=\"name\">wp-settings\u20111<\/div>\n<div class=\"retention-header\">\n\t<h5>G\u00fcltig bis<\/h5>\n<\/div>\n<div class=\"retention\"><\/div>\n<div class=\"function-header\">\n\t<h5>Funktion<\/h5>\n<\/div>\n<div class=\"function\"><\/div>\n<div class=\"name-header\">\n\t<h5>Name<\/h5>\n<\/div>\n<div class=\"name\">wordpress_logged_in_1dc4572da0bcd7fc50e78839fa6ee085<\/div>\n<div class=\"retention-header\">\n\t<h5>G\u00fcltig bis<\/h5>\n<\/div>\n<div class=\"retention\"><\/div>\n<div class=\"function-header\">\n\t<h5>Funktion<\/h5>\n<\/div>\n<div class=\"function\"><\/div>\n<div class=\"name-header\">\n\t<h5>Name<\/h5>\n<\/div>\n<div class=\"name\">WP_DATA_USER_1<\/div>\n<div class=\"retention-header\">\n\t<h5>G\u00fcltig bis<\/h5>\n<\/div>\n<div class=\"retention\"><\/div>\n<div class=\"function-header\">\n\t<h5>Funktion<\/h5>\n<\/div>\n<div class=\"function\"><\/div>\n<div class=\"name-header\">\n\t<h5>Name<\/h5>\n<\/div>\n<div class=\"name\">wpEmo\u00adji\u00adSet\u00adtings\u00adSup\u00adports<\/div>\n<div class=\"retention-header\">\n\t<h5>G\u00fcltig bis<\/h5>\n<\/div>\n<div class=\"retention\"><\/div>\n<div class=\"function-header\">\n\t<h5>Funktion<\/h5>\n<\/div>\n<div class=\"function\"><\/div>\n<div class=\"name-header\">\n\t<h5>Name<\/h5>\n<\/div>\n<div class=\"name\">newsletter_editor.spectrum.palette<\/div>\n<div class=\"retention-header\">\n\t<h5>G\u00fcltig bis<\/h5>\n<\/div>\n<div class=\"retention\"><\/div>\n<div class=\"function-header\">\n\t<h5>Funktion<\/h5>\n<\/div>\n<div class=\"function\"><\/div>\n<div class=\"name-header\">\n\t<h5>Name<\/h5>\n<\/div>\n<div class=\"name\">newsletter_editor.preview_type<\/div>\n<div class=\"retention-header\">\n\t<h5>G\u00fcltig bis<\/h5>\n<\/div>\n<div class=\"retention\"><\/div>\n<div class=\"function-header\">\n\t<h5>Funktion<\/h5>\n<\/div>\n<div class=\"function\"><\/div>\n<div class=\"name-header\">\n\t<h5>Name<\/h5>\n<\/div>\n<div class=\"name\">e_kit-elements-defaults<\/div>\n<div class=\"retention-header\">\n\t<h5>G\u00fcltig bis<\/h5>\n<\/div>\n<div class=\"retention\"><\/div>\n<div class=\"function-header\">\n\t<h5>Funktion<\/h5>\n<\/div>\n<div class=\"function\"><\/div>\n<div class=\"name-header\">\n\t<h5>Name<\/h5>\n<\/div>\n<div class=\"name\">36750754661e00803788a3728893058<\/div>\n<div class=\"retention-header\">\n\t<h5>G\u00fcltig bis<\/h5>\n<\/div>\n<div class=\"retention\"><\/div>\n<div class=\"function-header\">\n\t<h5>Funktion<\/h5>\n<\/div>\n<div class=\"function\"><\/div>\n<div class=\"name-header\">\n\t<h5>Name<\/h5>\n<\/div>\n<div class=\"name\">slider-*<\/div>\n<div class=\"retention-header\">\n\t<h5>G\u00fcltig bis<\/h5>\n<\/div>\n<div class=\"retention\"><\/div>\n<div class=\"function-header\">\n\t<h5>Funktion<\/h5>\n<\/div>\n<div class=\"function\"><\/div>\n<div class=\"name-header\">\n\t<h5>Name<\/h5>\n<\/div>\n<div class=\"name\">mp_tab_id_mixpanel_150605b3b9f979922f2ac5a52e2dcfe9<\/div>\n<div class=\"retention-header\">\n\t<h5>G\u00fcltig bis<\/h5>\n<\/div>\n<div class=\"retention\"><\/div>\n<div class=\"function-header\">\n\t<h5>Funktion<\/h5>\n<\/div>\n<div class=\"function\"><\/div>\n<div class=\"name-header\">\n\t<h5>Name<\/h5>\n<\/div>\n<div class=\"name\">mp_gen_new_tab_id_mixpanel_150605b3b9f979922f2ac5a52e2dcfe9<\/div>\n<div class=\"retention-header\">\n\t<h5>G\u00fcltig bis<\/h5>\n<\/div>\n<div class=\"retention\"><\/div>\n<div class=\"function-header\">\n\t<h5>Funktion<\/h5>\n<\/div>\n<div class=\"function\"><\/div>\n<div class=\"name-header\">\n\t<h5>Name<\/h5>\n<\/div>\n<div class=\"name\">wp_lang<\/div>\n<div class=\"retention-header\">\n\t<h5>G\u00fcltig bis<\/h5>\n<\/div>\n<div class=\"retention\"><\/div>\n<div class=\"function-header\">\n\t<h5>Funktion<\/h5>\n<\/div>\n<div class=\"function\"><\/div>\n<div class=\"name-header\">\n\t<h5>Name<\/h5>\n<\/div>\n<div class=\"name\">_pk_id.1.c108<\/div>\n<div class=\"retention-header\">\n\t<h5>G\u00fcltig bis<\/h5>\n<\/div>\n<div class=\"retention\"><\/div>\n<div class=\"function-header\">\n\t<h5>Funktion<\/h5>\n<\/div>\n<div class=\"function\"><\/div>\n<div class=\"name-header\">\n\t<h5>Name<\/h5>\n<\/div>\n<div class=\"name\">_pk_ses.1.c108<\/div>\n<div class=\"retention-header\">\n\t<h5>G\u00fcltig bis<\/h5>\n<\/div>\n<div class=\"retention\"><\/div>\n<div class=\"function-header\">\n\t<h5>Funktion<\/h5>\n<\/div>\n<div class=\"function\"><\/div>\n<div class=\"name-header\">\n\t<h5>Name<\/h5>\n<\/div>\n<div class=\"name\">pll_language<\/div>\n<div class=\"retention-header\">\n\t<h5>G\u00fcltig bis<\/h5>\n<\/div>\n<div class=\"retention\"><\/div>\n<div class=\"function-header\">\n\t<h5>Funktion<\/h5>\n<\/div>\n<div class=\"function\"><\/div>\n<div class=\"name-header\">\n\t<h5>Name<\/h5>\n<\/div>\n<div class=\"name\">cmplz_consented_services<\/div>\n<div class=\"retention-header\">\n\t<h5>G\u00fcltig bis<\/h5>\n<\/div>\n<div class=\"retention\">365 Tage<\/div>\n<div class=\"function-header\">\n\t<h5>Funktion<\/h5>\n<\/div>\n<div class=\"function\"><\/div>\n<div class=\"name-header\">\n\t<h5>Name<\/h5>\n<\/div>\n<div class=\"name\">cmplz_policy_id<\/div>\n<div class=\"retention-header\">\n\t<h5>G\u00fcltig bis<\/h5>\n<\/div>\n<div class=\"retention\">365 Tage<\/div>\n<div class=\"function-header\">\n\t<h5>Funktion<\/h5>\n<\/div>\n<div class=\"function\"><\/div>\n<div class=\"name-header\">\n\t<h5>Name<\/h5>\n<\/div>\n<div class=\"name\">cmplz_marketing<\/div>\n<div class=\"retention-header\">\n\t<h5>G\u00fcltig bis<\/h5>\n<\/div>\n<div class=\"retention\">365 Tage<\/div>\n<div class=\"function-header\">\n\t<h5>Funktion<\/h5>\n<\/div>\n<div class=\"function\"><\/div>\n<div class=\"name-header\">\n\t<h5>Name<\/h5>\n<\/div>\n<div class=\"name\">cmplz_statistics<\/div>\n<div class=\"retention-header\">\n\t<h5>G\u00fcltig bis<\/h5>\n<\/div>\n<div class=\"retention\">365 Tage<\/div>\n<div class=\"function-header\">\n\t<h5>Funktion<\/h5>\n<\/div>\n<div class=\"function\"><\/div>\n<div class=\"name-header\">\n\t<h5>Name<\/h5>\n<\/div>\n<div class=\"name\">cmplz_preferences<\/div>\n<div class=\"retention-header\">\n\t<h5>G\u00fcltig bis<\/h5>\n<\/div>\n<div class=\"retention\">365 Tage<\/div>\n<div class=\"function-header\">\n\t<h5>Funktion<\/h5>\n<\/div>\n<div class=\"function\"><\/div>\n<div class=\"name-header\">\n\t<h5>Name<\/h5>\n<\/div>\n<div class=\"name\">cmplz_functional<\/div>\n<div class=\"retention-header\">\n\t<h5>G\u00fcltig bis<\/h5>\n<\/div>\n<div class=\"retention\">365 Tage<\/div>\n<div class=\"function-header\">\n\t<h5>Funktion<\/h5>\n<\/div>\n<div class=\"function\"><\/div>\n<div class=\"name-header\">\n\t<h5>Name<\/h5>\n<\/div>\n<div class=\"name\">cmplz_\u00adban\u00adner-status<\/div>\n<div class=\"retention-header\">\n\t<h5>G\u00fcltig bis<\/h5>\n<\/div>\n<div class=\"retention\">365 Tage<\/div>\n<div class=\"function-header\">\n\t<h5>Funktion<\/h5>\n<\/div>\n<div class=\"function\"><\/div>\n<div class=\"name-header\">\n\t<h5>Name<\/h5>\n<\/div>\n<div class=\"name\">*_mixpanel<\/div>\n<div class=\"retention-header\">\n\t<h5>G\u00fcltig bis<\/h5>\n<\/div>\n<div class=\"retention\"><\/div>\n<div class=\"function-header\">\n\t<h5>Funktion<\/h5>\n<\/div>\n<div class=\"function\"><\/div>\n<div class=\"name-header\">\n\t<h5>Name<\/h5>\n<\/div>\n<div class=\"name\">wp-settings-time\u20111<\/div>\n<div class=\"retention-header\">\n\t<h5>G\u00fcltig bis<\/h5>\n<\/div>\n<div class=\"retention\"><\/div>\n<div class=\"function-header\">\n\t<h5>Funktion<\/h5>\n<\/div>\n<div class=\"function\"><\/div>\n<div class=\"name-header\">\n\t<h5>Name<\/h5>\n<\/div>\n<div class=\"name\">_pk_id_1_c108<\/div>\n<div class=\"retention-header\">\n\t<h5>G\u00fcltig bis<\/h5>\n<\/div>\n<div class=\"retention\"><\/div>\n<div class=\"function-header\">\n\t<h5>Funktion<\/h5>\n<\/div>\n<div class=\"function\"><\/div>\n<div class=\"name-header\">\n\t<h5>Name<\/h5>\n<\/div>\n<div class=\"name\">_pk_ses_1_c108<\/div>\n<div class=\"retention-header\">\n\t<h5>G\u00fcltig bis<\/h5>\n<\/div>\n<div class=\"retention\"><\/div>\n<div class=\"function-header\">\n\t<h5>Funktion<\/h5>\n<\/div>\n<div class=\"function\"><\/div>\n\n<\/div>\n<\/details>\n<\/div><h2>7. Einwil\u00adli\u00adgung<\/h2><p>Wenn Sie unsere Website zum ersten Mal besuchen, zeigen wir Ihnen ein Popup mit einer Erkl\u00e4\u00adrung zu Cookies an. Sobald Sie auf \u201eEinstel\u00adlun\u00adgen speichern\u201c klicken, willi\u00adgen Sie ein, dass wir die Katego\u00adrien von Cookies und Plug-Ins verwen\u00adden, die Sie im Pop-up ausge\u00adw\u00e4hlt haben, wie in dieser Cookie-Erkl\u00e4\u00adrung beschrie\u00adben. Sie k\u00f6nnen die Verwen\u00addung von Cookies \u00fcber Ihren Browser deakti\u00advie\u00adren, aber bitte beach\u00adten Sie, dass dann unsere Website m\u00f6gli\u00adcher\u00adweise nicht mehr richtig funktioniert.<\/p><p class=\"cmplz-subtitle\">7.1 Verwal\u00adten Sie Ihre Einwilligungseinstellungen<\/p><div id=\"cmplz-manage-consent-container-nojavascript\">Sie haben die Cookie-Richt\u00adli\u00adnie ohne Javascript-Unter\u00adst\u00fct\u00adzung geladen.&nbsp;Bei AMP k\u00f6nnen Sie den Button Zustim\u00admung verwal\u00adten unten auf der Seite verwenden.<\/div><div id=\"cmplz-manage-consent-container\" name=\"cmplz-manage-consent-container\" class=\"cmplz-manage-consent-container\"><\/div><h2>8. Aktivie\u00adren \/ Deakti\u00advie\u00adren und L\u00f6schen von Cookies<\/h2><p>Sie k\u00f6nnen Ihren Inter\u00adnet\u00adbrow\u00adser verwen\u00adden, um Cookies automa\u00adtisch oder manuell zu l\u00f6schen. Sie k\u00f6nnen auch festle\u00adgen, dass bestimmte Cookies m\u00f6gli\u00adcher\u00adweise nicht platziert werden. Eine weitere M\u00f6glich\u00adkeit besteht darin, die Einstel\u00adlun\u00adgen Ihres Inter\u00adnet\u00adbrow\u00adsers so zu \u00e4ndern, dass Sie bei jedem Abset\u00adzen eines Cookies eine Nachricht erhal\u00adten. Weitere Infor\u00adma\u00adtio\u00adnen zu diesen Optio\u00adnen finden Sie in den Anwei\u00adsun\u00adgen im Hilfe\u00adbe\u00adreich Ihres Browsers.<\/p><p>Bitte beach\u00adten Sie, dass unsere Website m\u00f6gli\u00adcher\u00adweise nicht richtig funktio\u00adniert, wenn alle Cookies deakti\u00adviert sind. Wenn Sie die Cookies in Ihrem Browser l\u00f6schen, werden sie nach Ihrer Einwil\u00adli\u00adgung erneut gesetzt, wenn Sie unsere Website erneut besuchen.<\/p><h2>9. Ihre Rechte in Bezug auf perso\u00adnen\u00adbe\u00adzo\u00adgene&nbsp;Daten<\/h2><p>Sie haben folgende Rechte in Bezug auf Ihre perso\u00adnen\u00adbe\u00adzo\u00adge\u00adnen&nbsp;Daten:<\/p><ul>\n                    <li>Sie haben das Recht zu erfah\u00adren, warum Ihre perso\u00adnen\u00adbe\u00adzo\u00adge\u00adnen Daten ben\u00f6tigt werden, was damit passiert und wie lange sie aufbe\u00adwahrt werden.<\/li>\n                    <li>Auskunfts\u00adrecht: Sie haben das Recht, auf Ihre uns bekann\u00adten perso\u00adnen\u00adbe\u00adzo\u00adge\u00adnen Daten zuzugreifen.<\/li>\n                    <li>Recht auf Berich\u00adti\u00adgung: Sie haben das Recht, Ihre perso\u00adnen\u00adbe\u00adzo\u00adge\u00adnen Daten jeder\u00adzeit zu erg\u00e4n\u00adzen, zu korri\u00adgie\u00adren, zu l\u00f6schen oder zu sperren.<\/li>\n                    <li>Wenn Sie uns Ihre Einwil\u00adli\u00adgung zur Verar\u00adbei\u00adtung Ihrer Daten ertei\u00adlen, haben Sie das Recht, diese Einwil\u00adli\u00adgung zu wider\u00adru\u00adfen und Ihre perso\u00adnen\u00adbe\u00adzo\u00adge\u00adnen Daten l\u00f6schen zu lassen.<\/li>\n                    <li>Recht auf Daten\u00ad\u00fcber\u00adtrag\u00adbar\u00adkeit: Sie haben das Recht, alle Ihre perso\u00adnen\u00adbe\u00adzo\u00adge\u00adnen Daten von dem f\u00fcr die Verar\u00adbei\u00adtung Verant\u00adwort\u00adli\u00adchen anzufor\u00addern und vollst\u00e4n\u00addig an einen anderen f\u00fcr die Verar\u00adbei\u00adtung Verant\u00adwort\u00adli\u00adchen zu \u00fcbermitteln.<\/li>\n                    <li>Wider\u00adspruchs\u00adrecht: Sie k\u00f6nnen der Verar\u00adbei\u00adtung Ihrer Daten wider\u00adspre\u00adchen. Wir halten uns daran, es sei denn, es liegen berech\u00adtigte Gr\u00fcnde f\u00fcr die Bearbei\u00adtung&nbsp;vor.<\/li>\n                <\/ul><p>Um diese Rechte auszu\u00ad\u00fcben, kontak\u00adtie\u00adren Sie uns bitte. Bitte beach\u00adten Sie die Kontakt\u00adda\u00adten am Ende dieser Cookie-Erkl\u00e4\u00adrung. Wenn Sie eine Beschwerde dar\u00fcber haben, wie wir mit Ihren Daten umgehen, w\u00fcrden wir gerne von Ihnen h\u00f6ren, aber Sie haben auch das Recht, eine Beschwerde bei der zust\u00e4n\u00addi\u00adgen Aufsichts\u00adbe\u00adh\u00f6rde (der Daten\u00adschutz\u00adbe\u00adh\u00f6rde) einzureichen.<\/p><h2>10. Kontakt\u00adde\u00adtails<\/h2><p>F\u00fcr Fragen und \/ oder Kommen\u00adtare zu unserer Cookie-Richt\u00adli\u00adnie und dieser Erkl\u00e4\u00adrung kontak\u00adtie\u00adren Sie uns bitte \u00fcber die folgen\u00adden Kontaktdaten:<\/p><p><span class=\"cmplz-contact-organisation\">Prof. Dr. Uwe Kaiser<\/span><br>\n                      <span class=\"cmplz-contact-address\">pro et&nbsp;con<br>\nInnova\u00adtive Infor\u00adma\u00adtik\u00adan\u00adwen\u00addun\u00adgen&nbsp;GmbH<br>\n<br>\nReichen\u00adhai\u00adner Stra\u00dfe 29a<br>\nc\/o Pegasus Center<br>\n09126 Chemnitz<\/span><br>\n                      <span class=\"cmplz-contact-country\">Deutsch\u00adland<\/span><br>\n                    Website: <span class=\"cmplz-contact-domain\"><a href=\"https:\/\/proetcon.de\">https:\/\/proetcon.de<\/a><\/span><br>\n                    E\u2011Mail: <span class=\"cmplz-contact-email\"><span class=\"cmplz-obfuscate\">info@<span class=\"cmplz-fmail-domain\">ex.com<\/span>proetcon.de<\/span><\/span><br>\n                    <span class=\"cmplz-contact-telephone\"><\/span><\/p><p>Diese Cookie-Richt\u00adli\u00adnie wurde mit <a href=\"https:\/\/cookiedatabase.org\/\" target=\"_blank\">cookiedatabase.org<\/a> am 23. Januar 2026 synchronisiert.<\/p><\/div>","protected":false},"excerpt":{"rendered":"","protected":false},"author":1,"featured_media":0,"parent":0,"menu_order":22,"comment_status":"closed","ping_status":"closed","template":"","meta":{"inline_featured_image":false,"wp_typography_post_enhancements_disabled":false,"footnotes":""},"class_list":["post-6184","page","type-page","status-publish","hentry","no-thumb"],"aioseo_notices":[],"_links":{"self":[{"href":"https:\/\/proetcon.de\/index.php\/wp-json\/wp\/v2\/pages\/6184","targetHints":{"allow":["GET"]}}],"collection":[{"href":"https:\/\/proetcon.de\/index.php\/wp-json\/wp\/v2\/pages"}],"about":[{"href":"https:\/\/proetcon.de\/index.php\/wp-json\/wp\/v2\/types\/page"}],"author":[{"embeddable":true,"href":"https:\/\/proetcon.de\/index.php\/wp-json\/wp\/v2\/users\/1"}],"replies":[{"embeddable":true,"href":"https:\/\/proetcon.de\/index.php\/wp-json\/wp\/v2\/comments?post=6184"}],"version-history":[{"count":1,"href":"https:\/\/proetcon.de\/index.php\/wp-json\/wp\/v2\/pages\/6184\/revisions"}],"predecessor-version":[{"id":15377,"href":"https:\/\/proetcon.de\/index.php\/wp-json\/wp\/v2\/pages\/6184\/revisions\/15377"}],"wp:attachment":[{"href":"https:\/\/proetcon.de\/index.php\/wp-json\/wp\/v2\/media?parent=6184"}],"curies":[{"name":"wp","href":"https:\/\/api.w.org\/{rel}","templated":true}]}}