{"id":7585,"date":"2022-01-13T09:53:13","date_gmt":"2022-01-13T08:53:13","guid":{"rendered":"https:\/\/proetcon.de\/?page_id=7585"},"modified":"2025-07-01T11:54:48","modified_gmt":"2025-07-01T09:54:48","slug":"software-migration","status":"publish","type":"page","link":"https:\/\/proetcon.de\/index.php\/software-migration\/","title":{"rendered":"Software-Migration"},"content":{"rendered":"\n<p><a href=\"https:\/\/proetcon.de\/index.php\/software-migration\/\" target=\"_blank\" rel=\"noreferrer noopener\"><\/a><\/p>\n\n\n<div id=\"pl-gb7585-69d03a2f2aaf4\" class=\"panel-layout wp-block-siteorigin-panels-layout-block\"><div id=\"pg-gb7585-69d03a2f2aaf4-0\" class=\"panel-grid panel-no-style\"><div id=\"pgc-gb7585-69d03a2f2aaf4-0-0\" class=\"panel-grid-cell\"><div id=\"panel-gb7585-69d03a2f2aaf4-0-0-0\" class=\"so-panel widget widget_text panel-first-child panel-last-child\" data-index=\"0\"><div class=\"panel-widget-style panel-widget-style-for-gb7585-69d03a2f2aaf4-0-0-0\">\t\t\t<div class=\"textwidget\"><p><strong><a href=\"https:\/\/proetcon.de\/\">HOME<\/a> &gt; <a href=\"https:\/\/proetcon.de\/index.php\/software-migration\/\">SOFTWARE-MIGRATION<\/a><\/strong><\/p>\n<\/div>\n\t\t<\/div><\/div><\/div><\/div><div id=\"pg-gb7585-69d03a2f2aaf4-1\" class=\"panel-grid panel-has-style\"><div class=\"panel-row-style panel-row-style-for-gb7585-69d03a2f2aaf4-1\"><div id=\"pgc-gb7585-69d03a2f2aaf4-1-0\" class=\"panel-grid-cell\"><div id=\"panel-gb7585-69d03a2f2aaf4-1-0-0\" class=\"so-panel widget widget_text panel-first-child panel-last-child\" data-index=\"1\"><div class=\"panel-widget-style panel-widget-style-for-gb7585-69d03a2f2aaf4-1-0-0\">\t\t\t<div class=\"textwidget\"><h2>SOFTWARE-MIGRATION \u2013 EINE ECHTE ALTERNATIVE<\/h2>\n<p>Software-Migration profes\u00adsio\u00adnell reali\u00adsiert bedeutet:<\/p>\n<ul class=\"sectionlist\">\n<li>Indivi\u00addua\u00adli\u00adt\u00e4t, Know-how und Allein\u00adstel\u00adlungs\u00admerk\u00admale sichern,<\/li>\n<li>zukunfts\u00adsi\u00adchere Platt\u00adfor\u00admen und Entwick\u00adlungs\u00adum\u00adge\u00adbun\u00adgen nutzen,<\/li>\n<li>die moderne Welt von Infor\u00adma\u00adtion und Kommu\u00adni\u00adka\u00adtion erschlie\u00dfen,<\/li>\n<li>Unabh\u00e4n\u00adgig\u00adkeit von proprie\u00adt\u00e4\u00adren Herstel\u00adlern und Lizenz\u00adpro\u00adduk\u00adten bewahren,<\/li>\n<li>Zeit und Kosten sparen.<\/li>\n<\/ul>\n<p>Der Vorteil einer Software-Migration gegen\u00ad\u00fcber einer Neuent\u00adwick\u00adlung besteht im gerin\u00adge\u00adren Aufwand. Projekt\u00ader\u00adfah\u00adrun\u00adgen belegen ein Verh\u00e4lt\u00adnis von 1:8. Umfasst ein Migra\u00adti\u00adons\u00adpro\u00adjekt z.B. 15 Perso\u00adnen\u00adjahre (eine durch\u00adaus \u00fcbliche Gr\u00f6\u00dfe), dann ist bei einer Neuent\u00adwick\u00adlung mit ca. 120 Perso\u00adnen\u00adjah\u00adren zu rechnen.<\/p>\n<p>Eine Software-Migration betrifft in der Regel alle Kompo\u00adnen\u00adten eines Legacy-Systems (Programme, Masken, Files, Jobs, Middle\u00adware, Datenbanken).<\/p>\n<p>Software-Migration ist nur mit ausge\u00adreif\u00adten Konver\u00adtie\u00adrungs\u00adwerk\u00adzeu\u00adgen erfolg\u00adreich. Die Tools m\u00fcssen in Analo\u00adgie zu einem Compi\u00adler arbei\u00adten, um komplexe \u00dcberset\u00adzungs\u00advor\u00adg\u00e4nge seman\u00adtisch \u00e4quiva\u00adlent abzubil\u00adden. F\u00fcr die Entwick\u00adlung solcher Tools ist detail\u00adlier\u00adtes Wissen zur Compi\u00adler\u00adtech\u00adnik notwendig.<\/p>\n<p>Die Grafik zeigt die von uns unter\u00adst\u00fctz\u00adten Migra\u00adti\u00adons\u00adpfade und die dabei verwen\u00adde\u00adten Software-Werkzeuge.<\/p>\n<p>Wir reali\u00adsie\u00adren seit 30 Jahren erfolg\u00adreich Migra\u00adti\u00adons\u00adpro\u00adjekte im geplan\u00adten Zeitraum und mit geplan\u00adtem Budget. Die dabei gewon\u00adne\u00adnen Erfah\u00adrun\u00adgen flie\u00dfen in aktuelle und zuk\u00fcnf\u00adtige Migra\u00adti\u00adons\u00adpro\u00adjekte&nbsp;ein.<\/p>\n<\/div>\n\t\t<\/div><\/div><\/div><div id=\"pgc-gb7585-69d03a2f2aaf4-1-1\" class=\"panel-grid-cell\"><div id=\"panel-gb7585-69d03a2f2aaf4-1-1-0\" class=\"so-panel widget widget_text panel-first-child panel-last-child\" data-index=\"2\"><div class=\"panel-widget-style panel-widget-style-for-gb7585-69d03a2f2aaf4-1-1-0\">\t\t\t<div class=\"textwidget\"><p><a href=\"https:\/\/proetcon.de\/wp-content\/uploads\/2021\/09\/migrationspfade.svg\"><img decoding=\"async\" class=\"wp-image-6641 alignright\" src=\"https:\/\/proetcon.de\/wp-content\/uploads\/2021\/09\/migrationspfade.svg\" alt=\"Software-Migration: Migrationspfade und Konvertierungswerkzeuge bei pro et con\" width=\"1300\"><\/a><\/p>\n<\/div>\n\t\t<\/div><\/div><\/div><\/div><\/div><div id=\"pg-gb7585-69d03a2f2aaf4-2\" class=\"panel-grid panel-has-style\"><div class=\"panel-row-style panel-row-style-for-gb7585-69d03a2f2aaf4-2\"><div id=\"pgc-gb7585-69d03a2f2aaf4-2-0\" class=\"panel-grid-cell\"><div id=\"panel-gb7585-69d03a2f2aaf4-2-0-0\" class=\"so-panel widget widget_text panel-first-child panel-last-child\" data-index=\"3\"><div class=\"panel-widget-style panel-widget-style-for-gb7585-69d03a2f2aaf4-2-0-0\">\t\t\t<div class=\"textwidget\"><h2>WARUM KEINE STANDARD\u00adSOFT\u00adWARE VON DER STANGE?<\/h2>\n\n<\/div>\n\t\t<\/div><\/div><\/div><div id=\"pgc-gb7585-69d03a2f2aaf4-2-1\" class=\"panel-grid-cell\"><div id=\"panel-gb7585-69d03a2f2aaf4-2-1-0\" class=\"so-panel widget widget_text panel-first-child panel-last-child\" data-index=\"4\"><div class=\"panel-widget-style panel-widget-style-for-gb7585-69d03a2f2aaf4-2-1-0\">\t\t\t<div class=\"textwidget\"><h2>WARUM KEINE NEUENT\u00adWICK\u00adLUNG AUF DER GR\u00dcNEN WIESE?<\/h2>\n\n<\/div>\n\t\t<\/div><\/div><\/div><\/div><\/div><div id=\"pg-gb7585-69d03a2f2aaf4-3\" class=\"panel-grid panel-has-style\"><div class=\"panel-row-style panel-row-style-for-gb7585-69d03a2f2aaf4-3\"><div id=\"pgc-gb7585-69d03a2f2aaf4-3-0\" class=\"panel-grid-cell\"><div id=\"panel-gb7585-69d03a2f2aaf4-3-0-0\" class=\"so-panel widget widget_text panel-first-child panel-last-child\" data-index=\"5\"><div class=\"panel-widget-style panel-widget-style-for-gb7585-69d03a2f2aaf4-3-0-0\">\t\t\t<div class=\"textwidget\"><p><img fetchpriority=\"high\" decoding=\"async\" class=\"alignnone wp-image-11263 size-full\" src=\"https:\/\/proetcon.de\/wp-content\/uploads\/2025\/03\/software_migration_grafik_4_zu_3.jpg\" alt width=\"1707\" height=\"1280\"><\/p>\n<\/div>\n\t\t<\/div><\/div><\/div><div id=\"pgc-gb7585-69d03a2f2aaf4-3-1\" class=\"panel-grid-cell\"><div id=\"panel-gb7585-69d03a2f2aaf4-3-1-0\" class=\"so-panel widget widget_text panel-first-child\" data-index=\"6\"><div class=\"panel-widget-style panel-widget-style-for-gb7585-69d03a2f2aaf4-3-1-0\">\t\t\t<div class=\"textwidget\"><h2>WARUM SOFTWARE-MIGRATION MIT&nbsp;UNS?<\/h2>\n<p>Mit der <a href=\"https:\/\/proetcon.de\/index.php\/software-migration\/technologien-und-werkzeuge#panel-gb7588-667bc42821d30-2-0-0\">pecBOX<\/a> existiert eine aufein\u00adan\u00adder abgestimmte Sammlung von ausge\u00adreif\u00adten Konver\u00adtie\u00adrungs\u00adwerk\u00adzeu\u00adgen, basie\u00adrend auf wissen\u00adschaft\u00adli\u00adchem Know-how zur Compilertechnik.<\/p>\n<p>Jedes Migra\u00adti\u00adons\u00adpro\u00adjekt folgt einem in der Praxis erprob\u00adten definier\u00adten \u201e<a title=\"Projektablauf\" href=\"https:\/\/proetcon.de\/index.php\/software-migration\/projektablauf\/\">Fahrplan<\/a>\u201c, der indivi\u00addu\u00adel\u00adlen Kunden\u00adan\u00adfor\u00adde\u00adrun\u00adgen angepasst wird. Wir besit\u00adzen jahrzehn\u00adte\u00adlange Erfah\u00adrung bei der erfolg\u00adrei\u00adchen Gestal\u00adtung von Migra\u00adti\u00adons\u00adpro\u00adjek\u00adten. Alle Projekte wurden \u201eon time and budget\u201c abgeschlossen.<\/p>\n<p>Die <a title=\"Technologien und Werkzeuge\" href=\"https:\/\/proetcon.de\/index.php\/software-migration\/technologien-und-werkzeuge\/\">Werkzeuge<\/a> haben einen Reife\u00adgrad erreicht, der eine Automa\u00adti\u00adsie\u00adrung von 95\u201399&nbsp;% erm\u00f6g\u00adlicht. W\u00e4hrend der Projekt\u00adlauf\u00adzeit ist kein \u201eCode Freeze\u201c notwen\u00addig, weil weiter\u00adent\u00adwi\u00adckelte Programme aufgrund des hohen Automa\u00adti\u00adsie\u00adrungs\u00adgra\u00addes mehrfach konver\u00adtiert und getes\u00adtet werden k\u00f6nnen.<\/p>\n<p>Die Nutzung von <a href=\"https:\/\/proetcon.de\/index.php\/software-migration\/technologien-und-werkzeuge#panel-gb7588-667bc42831ee6-0-0-0\">Metawerk\u00adzeu\u00adgen<\/a> (Parser\u00adge\u00adne\u00adra\u00adto\u00adren) bei der Toolent\u00adwick\u00adlung erlaubt eine schnelle Anpas\u00adsung der Konver\u00adtie\u00adrungs\u00adwerk\u00adzeuge an neue Projektanforderungen.<\/p>\n<p><strong>Eine Legacy-Moder\u00ad\u00adni\u00ad\u00adsie\u00adrung in kurzer Projekt\u00adlauf\u00adzeit und ohne Code Freeze ist nur mit toolge\u00adst\u00fctz\u00adter Software-Migration erfolgreich.<\/strong><\/p>\n<\/div>\n\t\t<\/div><\/div><div id=\"panel-gb7585-69d03a2f2aaf4-3-1-1\" class=\"so-panel widget widget_sow-button panel-last-child\" data-index=\"7\"><div class=\"panel-widget-style panel-widget-style-for-gb7585-69d03a2f2aaf4-3-1-1\"><div class=\"so-widget-sow-button so-widget-sow-button-flat-33da4ff7b339-7585\"><div class=\"ow-button-base ow-button-align-left\">\n\t\t\t<a href=\"https:\/\/proetcon.de\/index.php\/software-migration\/success-stories\/\" class=\"sowb-button ow-icon-placement-left ow-button-hover\">\n\t\t<span>\n\t\t\t\n\t\t\t<b>ZU UNSEREN SUCCESS STORIES<\/b>\t\t<\/span>\n\t\t\t<\/a>\n\t<\/div>\n<\/div><\/div><\/div><\/div><\/div><\/div><div id=\"pg-gb7585-69d03a2f2aaf4-4\" class=\"panel-grid panel-has-style\"><div class=\"panel-row-style panel-row-style-for-gb7585-69d03a2f2aaf4-4\"><div id=\"pgc-gb7585-69d03a2f2aaf4-4-0\" class=\"panel-grid-cell\"><div id=\"panel-gb7585-69d03a2f2aaf4-4-0-0\" class=\"so-panel widget widget_text panel-first-child\" data-index=\"8\"><div class=\"panel-widget-style panel-widget-style-for-gb7585-69d03a2f2aaf4-4-0-0\">\t\t\t<div class=\"textwidget\"><h2>SOFTWARE-MIGRATION UND&nbsp;KI<\/h2>\n<p>Der briti\u00adsche Compu\u00adter\u00adwis\u00adsen\u00adschaft\u00adler Alan Turing gilt als einer der einfluss\u00adreichs\u00adten Vorden\u00adker im Bereich der K\u00fcnst\u00adli\u00adchen Intel\u00adli\u00adgenz (KI). 1950 formu\u00adlierte er einen Intel\u00adli\u00adgenz\u00adtest f\u00fcr Compu\u00adter: Ein Compu\u00adter sei intel\u00adli\u00adgent, wenn ein Mensch in einer Unter\u00adhal\u00adtung mit dem Compu\u00adter nicht erken\u00adnen k\u00f6nne, ob es sich um einen Compu\u00adter oder einen Menschen handelt.<\/p>\n<p>Turings Visio\u00adnen sind heute Wirklich\u00adkeit. KI-Sprach\u00ad\u00admo\u00ad\u00addelle k\u00f6nnen durch Erken\u00adnung statis\u00adti\u00adscher Korre\u00adla\u00adtio\u00adnen zwischen W\u00f6rtern das wahrschein\u00adlich n\u00e4chste Wort ermit\u00adteln (seman\u00adti\u00adsche Wahrschein\u00adlich\u00adkeit) und erm\u00f6g\u00adli\u00adchen menschen\u00ad\u00e4hn\u00adli\u00adche Kommunikation.<\/p>\n<p>Dabei gehen die aktuel\u00adlen Anwen\u00addungs\u00adge\u00adbiete der KI weit \u00fcber die Kommu\u00adni\u00adka\u00adtion hinaus. Auch die KI-Nutzung bei der Software-Migration wird aktuell propa\u00adgiert (z.B. IBM watsonx Code Assistant for Z). Das provo\u00adziert die Frage, worin die M\u00f6glich\u00adkei\u00adten und die Grenzen der KI-Nutzung in der Software-Migration bestehen.<\/p>\n<p>Unsere Unter\u00adsu\u00adchun\u00adgen, Testergeb\u00adnisse und Kommen\u00adtare zu diesem Thema finden Sie&nbsp;hier:<\/p>\n<\/div>\n\t\t<\/div><\/div><div id=\"panel-gb7585-69d03a2f2aaf4-4-0-1\" class=\"so-panel widget widget_sow-button panel-last-child\" data-index=\"9\"><div class=\"panel-widget-style panel-widget-style-for-gb7585-69d03a2f2aaf4-4-0-1\"><div class=\"so-widget-sow-button so-widget-sow-button-flat-33da4ff7b339-7585\"><div class=\"ow-button-base ow-button-align-left\">\n\t\t\t<a href=\"https:\/\/proetcon.de\/index.php\/software-migration\/ki\/\" class=\"sowb-button ow-icon-placement-left ow-button-hover\">\n\t\t<span>\n\t\t\t\n\t\t\t<b>ZU UNSEREN KI-TESTBEISPIELEN<\/b>\t\t<\/span>\n\t\t\t<\/a>\n\t<\/div>\n<\/div><\/div><\/div><\/div><div id=\"pgc-gb7585-69d03a2f2aaf4-4-1\" class=\"panel-grid-cell\"><div id=\"panel-gb7585-69d03a2f2aaf4-4-1-0\" class=\"so-panel widget widget_text panel-first-child panel-last-child\" data-index=\"10\"><div class=\"panel-widget-style panel-widget-style-for-gb7585-69d03a2f2aaf4-4-1-0\">\t\t\t<div class=\"textwidget\"><p><img decoding=\"async\" class=\"alignnone wp-image-11706 size-full\" src=\"https:\/\/proetcon.de\/wp-content\/uploads\/2024\/09\/KI_4_zu_3.jpeg\" alt=\"Software-Migration mit KI: Hand eines Gesch\u00e4ftsmanns mit KI-Glaskugel und Fragezeichen\" width=\"2560\" height=\"1920\"><\/p>\n<\/div>\n\t\t<\/div><\/div><\/div><\/div><\/div><div id=\"pg-gb7585-69d03a2f2aaf4-5\" class=\"panel-grid panel-no-style\"><div id=\"pgc-gb7585-69d03a2f2aaf4-5-0\" class=\"panel-grid-cell\"><div id=\"panel-gb7585-69d03a2f2aaf4-5-0-0\" class=\"so-panel widget widget_sow-accordion panel-first-child panel-last-child\" data-index=\"11\"><div class=\"so-widget-sow-accordion so-widget-sow-accordion-default-13f4b701a667-7585\"><div>\n\t<div class=\"sow-accordion\">\n\t\t\t<div class=\"sow-accordion-panel\n\t\t sow-accordion-panel-open\t\t\" data-anchor-id=\"downloads\">\n\t\t\t\t<div class=\"sow-accordion-panel-header-container\" role=\"heading\" aria-level=\"2\">\n\t\t\t\t\t<div class=\"sow-accordion-panel-header\" tabindex=\"0\" role=\"button\" id=\"accordion-label-downloads\" aria-controls=\"accordion-content-downloads\" aria-expanded=\"true\">\n\t\t\t\t\t\t<div class=\"sow-accordion-title sow-accordion-title-icon-left\">\n\t\t\t\t\t\t\t\t\t\t\t\t\t\t<b>DOWNLOADS<\/b>\t\t\t\t\t\t\t\t\t\t\t\t\t<\/div>\n\t\t\t\t\t\t<div class=\"sow-accordion-open-close-button\">\n\t\t\t\t\t\t\t<div class=\"sow-accordion-open-button\">\n\t\t\t\t\t\t\t\t<span class=\"sow-icon-ionicons\" data-sow-icon=\"\uf218\" aria-hidden=\"true\"><\/span>\t\t\t\t\t\t\t<\/div>\n\t\t\t\t\t\t\t<div class=\"sow-accordion-close-button\">\n\t\t\t\t\t\t\t\t<span class=\"sow-icon-ionicons\" data-sow-icon=\"\uf209\" aria-hidden=\"true\"><\/span>\t\t\t\t\t\t\t<\/div>\n\t\t\t\t\t\t<\/div>\n\t\t\t\t\t<\/div>\n\t\t\t\t<\/div>\n\n\t\t\t<div class=\"sow-accordion-panel-content\" role=\"region\" aria-labelledby=\"accordion-label-downloads\" id=\"accordion-content-downloads\">\n\t\t\t\t<div class=\"sow-accordion-panel-border\">\n\t\t\t\t\t<p><img decoding=\"async\" class=\"alignnone wp-image-3315\" src=\"https:\/\/proetcon.de\/wp-content\/uploads\/2021\/04\/pdf.svg\" alt width=\"20\"><a title=\"[PDF, 122 KB]\" href=\"https:\/\/proetcon.de\/wp-content\/uploads\/2023\/06\/WSRE_2022_suedleasing_article.pdf\" target=\"_blank\" rel=\"noopener\"> \u201cMigration des S\u00fcdlea\u00adsing COBOL-Kernban\u00adken-Systems nach JAVA mit einem itera\u00adtiv-\u00adinkre\u00admen\u00adtel\u00adlen Ansatz\u201d<\/a><br>\nAbstract zum 24. Workshop \u201cSoftware-Reengi\u00adnee\u00adring &amp; \u2011Evolu\u00adtion\u201d am 02.\u201304. Mai 2022 in Bad Honnef, erschie\u00adnen&nbsp;in:<br>\n<i>Software\u00adtech\u00adnik-Trends, Band 42, Heft 2, Mai&nbsp;2022<\/i><\/p>\n<p><img decoding=\"async\" class=\"alignnone wp-image-3315\" src=\"https:\/\/proetcon.de\/wp-content\/uploads\/2021\/04\/pdf.svg\" alt width=\"20\"><a title=\"[PDF, 70 KB]\" href=\"https:\/\/proetcon.de\/wp-content\/uploads\/2022\/05\/every_cobol_java_migration_project_holds_new_surprises_wsre22.pdf\" target=\"_blank\" rel=\"noopener\"> \u201cJedes COBOL-Java-Migra\u00adti\u00adons\u00adpro\u00adjekt birgt neue \u00dcberraschungen\u201d<\/a><br>\nAbstract zum 24. Workshop \u201cSoftware-Reengi\u00adnee\u00adring &amp; \u2011Evolu\u00adtion\u201d am 02.\u201304. Mai 2022 in Bad Honnef, erschie\u00adnen&nbsp;in:<br>\n<i>Software\u00adtech\u00adnik-Trends, Band 42, Heft 2, Mai&nbsp;2022<\/i><\/p>\n<p><img decoding=\"async\" class=\"alignnone wp-image-3315\" src=\"https:\/\/proetcon.de\/wp-content\/uploads\/2021\/04\/pdf.svg\" alt width=\"20\"> <a title=\"[PDF, 139 KB]\" href=\"https:\/\/proetcon.de\/wp-content\/uploads\/2021\/04\/tool-based_software_migration_wsre16.pdf\" target=\"_blank\" rel=\"noopener\">\u201cToolba\u00adsierte Software-Migration nach&nbsp;Plan\u201d<\/a><br>\nAbstract zum 18. Workshop \u201cSoftware-Reengi\u00adnee\u00adring &amp; \u2011Evolu\u00adtion\u201d am 02.\u201304. Mai 2016 in Bad Honnef, erschie\u00adnen&nbsp;in:<br>\n<i>Software\u00adtech\u00adnik-Trends, Band 36, Heft 2, Mai&nbsp;2016<\/i><\/p>\n<p><img decoding=\"async\" class=\"alignnone wp-image-3315\" src=\"https:\/\/proetcon.de\/wp-content\/uploads\/2021\/04\/pdf.svg\" alt width=\"20\"> <a title=\"[PDF, 454 KB]\" href=\"https:\/\/proetcon.de\/wp-content\/uploads\/2021\/04\/successful_planning_and_realisation_of_software_migration_projects_bt092014.pdf\" target=\"_blank\" rel=\"noopener\">\u201cAus Alt mach Neu \u2013 automa\u00adtisch! Migra\u00adti\u00adons\u00adpro\u00adjekte erfolg\u00adreich planen und realisieren\u201d<\/a><br>\nArtikel von Dr. Uwe Kaiser (pro et con), erschie\u00adnen&nbsp;in:<br>\n<i>Business Technology, Ausgabe 03\/2014, Heft 18, Seite&nbsp;41<\/i><\/p>\n<p><a href=\"https:\/\/proetcon.de\/index.php\/downloadbereich\/\"><strong>ZUM DOWNLOADBEREICH<\/strong><\/a><\/p>\n\t\t\t\t<\/div>\n\t\t\t<\/div>\n\t\t<\/div>\n\t\t<\/div>\n<\/div>\n<\/div><\/div><\/div><\/div><\/div>\n\n\n<p><\/p>\n","protected":false},"excerpt":{"rendered":"","protected":false},"author":1,"featured_media":4748,"parent":0,"menu_order":96,"comment_status":"closed","ping_status":"closed","template":"","meta":{"inline_featured_image":false,"wp_typography_post_enhancements_disabled":false,"footnotes":""},"class_list":["post-7585","page","type-page","status-publish","has-post-thumbnail","hentry","has-thumb"],"aioseo_notices":[],"_links":{"self":[{"href":"https:\/\/proetcon.de\/index.php\/wp-json\/wp\/v2\/pages\/7585","targetHints":{"allow":["GET"]}}],"collection":[{"href":"https:\/\/proetcon.de\/index.php\/wp-json\/wp\/v2\/pages"}],"about":[{"href":"https:\/\/proetcon.de\/index.php\/wp-json\/wp\/v2\/types\/page"}],"author":[{"embeddable":true,"href":"https:\/\/proetcon.de\/index.php\/wp-json\/wp\/v2\/users\/1"}],"replies":[{"embeddable":true,"href":"https:\/\/proetcon.de\/index.php\/wp-json\/wp\/v2\/comments?post=7585"}],"version-history":[{"count":0,"href":"https:\/\/proetcon.de\/index.php\/wp-json\/wp\/v2\/pages\/7585\/revisions"}],"wp:featuredmedia":[{"embeddable":true,"href":"https:\/\/proetcon.de\/index.php\/wp-json\/wp\/v2\/media\/4748"}],"wp:attachment":[{"href":"https:\/\/proetcon.de\/index.php\/wp-json\/wp\/v2\/media?parent=7585"}],"curies":[{"name":"wp","href":"https:\/\/api.w.org\/{rel}","templated":true}]}}